{"id":32,"date":"2022-04-28T11:52:38","date_gmt":"2022-04-28T11:52:38","guid":{"rendered":"http:\/\/salamezs.lv\/?page_id=32"},"modified":"2026-02-24T08:08:58","modified_gmt":"2026-02-24T08:08:58","slug":"contact","status":"publish","type":"page","link":"https:\/\/salamezs.lv\/index.php\/contact\/","title":{"rendered":"Apa\u013ckoka iepirk\u0161ana"},"content":{"rendered":"\n<div class=\"wp-block-columns is-layout-flex wp-container-core-columns-is-layout-28f84493 wp-block-columns-is-layout-flex\">\n<div class=\"wp-block-column is-layout-flow wp-block-column-is-layout-flow\" style=\"flex-basis:100%\">\n<p class=\"has-text-align-center\" style=\"font-size:clamp(15.747px, 0.984rem + ((1vw - 3.2px) * 0.73), 24px);\">Iep\u0113rkam apses z\u0101\u0123ba\u013c\u0137us!<\/p>\n\n\n\n<p class=\"has-text-align-center has-medium-font-size\">Igors Ka\u010danovs <\/p>\n\n\n\n<p class=\"has-text-align-center\">T\u0101lr.nr.: +371 29275377, salamezs@inbox.lv<\/p>\n<\/div>\n<\/div>\n\n\n\n<p><\/p>\n","protected":false},"excerpt":{"rendered":"<p>Iep\u0113rkam apses z\u0101\u0123ba\u013c\u0137us! Igors Ka\u010danovs T\u0101lr.nr.: +371 29275377, salamezs@inbox.lv<\/p>\n","protected":false},"author":1,"featured_media":139,"parent":0,"menu_order":0,"comment_status":"closed","ping_status":"closed","template":"","meta":{"footnotes":""},"class_list":["post-32","page","type-page","status-publish","has-post-thumbnail","hentry"],"featured_media_urls":{"thumbnail":["https:\/\/salamezs.lv\/wp-content\/uploads\/2022\/06\/20DC4B1D-86CE-41ED-A7C9-09A8083A97A0-150x150.jpeg",150,150,true],"medium":["https:\/\/salamezs.lv\/wp-content\/uploads\/2022\/06\/20DC4B1D-86CE-41ED-A7C9-09A8083A97A0-300x225.jpeg",300,225,true],"medium_large":["https:\/\/salamezs.lv\/wp-content\/uploads\/2022\/06\/20DC4B1D-86CE-41ED-A7C9-09A8083A97A0-768x576.jpeg",768,576,true],"large":["https:\/\/salamezs.lv\/wp-content\/uploads\/2022\/06\/20DC4B1D-86CE-41ED-A7C9-09A8083A97A0-1024x768.jpeg",950,713,true],"1536x1536":["https:\/\/salamezs.lv\/wp-content\/uploads\/2022\/06\/20DC4B1D-86CE-41ED-A7C9-09A8083A97A0-1536x1152.jpeg",1536,1152,true],"2048x2048":["https:\/\/salamezs.lv\/wp-content\/uploads\/2022\/06\/20DC4B1D-86CE-41ED-A7C9-09A8083A97A0-2048x1536.jpeg",2048,1536,true],"inspiro-featured-image":["https:\/\/salamezs.lv\/wp-content\/uploads\/2022\/06\/20DC4B1D-86CE-41ED-A7C9-09A8083A97A0-2000x1500.jpeg",2000,1500,true],"inspiro-loop":["https:\/\/salamezs.lv\/wp-content\/uploads\/2022\/06\/20DC4B1D-86CE-41ED-A7C9-09A8083A97A0-950x320.jpeg",950,320,true],"inspiro-loop@2x":["https:\/\/salamezs.lv\/wp-content\/uploads\/2022\/06\/20DC4B1D-86CE-41ED-A7C9-09A8083A97A0-1900x640.jpeg",1900,640,true],"portfolio_item-thumbnail":["https:\/\/salamezs.lv\/wp-content\/uploads\/2022\/06\/20DC4B1D-86CE-41ED-A7C9-09A8083A97A0-scaled-600x400.jpeg",600,400,true],"portfolio_item-thumbnail@2x":["https:\/\/salamezs.lv\/wp-content\/uploads\/2022\/06\/20DC4B1D-86CE-41ED-A7C9-09A8083A97A0-scaled-1200x800.jpeg",1200,800,true],"portfolio_item-masonry":["https:\/\/salamezs.lv\/wp-content\/uploads\/2022\/06\/20DC4B1D-86CE-41ED-A7C9-09A8083A97A0-scaled-600x450.jpeg",600,450,true],"portfolio_item-masonry@2x":["https:\/\/salamezs.lv\/wp-content\/uploads\/2022\/06\/20DC4B1D-86CE-41ED-A7C9-09A8083A97A0-scaled-1200x900.jpeg",1200,900,true],"portfolio_item-thumbnail_cinema":["https:\/\/salamezs.lv\/wp-content\/uploads\/2022\/06\/20DC4B1D-86CE-41ED-A7C9-09A8083A97A0-scaled-800x335.jpeg",800,335,true],"portfolio_item-thumbnail_portrait":["https:\/\/salamezs.lv\/wp-content\/uploads\/2022\/06\/20DC4B1D-86CE-41ED-A7C9-09A8083A97A0-scaled-600x900.jpeg",600,900,true],"portfolio_item-thumbnail_portrait@2x":["https:\/\/salamezs.lv\/wp-content\/uploads\/2022\/06\/20DC4B1D-86CE-41ED-A7C9-09A8083A97A0-scaled-1200x1800.jpeg",1200,1800,true],"portfolio_item-thumbnail_square":["https:\/\/salamezs.lv\/wp-content\/uploads\/2022\/06\/20DC4B1D-86CE-41ED-A7C9-09A8083A97A0-scaled-800x800.jpeg",800,800,true]},"_links":{"self":[{"href":"https:\/\/salamezs.lv\/index.php\/wp-json\/wp\/v2\/pages\/32","targetHints":{"allow":["GET"]}}],"collection":[{"href":"https:\/\/salamezs.lv\/index.php\/wp-json\/wp\/v2\/pages"}],"about":[{"href":"https:\/\/salamezs.lv\/index.php\/wp-json\/wp\/v2\/types\/page"}],"author":[{"embeddable":true,"href":"https:\/\/salamezs.lv\/index.php\/wp-json\/wp\/v2\/users\/1"}],"replies":[{"embeddable":true,"href":"https:\/\/salamezs.lv\/index.php\/wp-json\/wp\/v2\/comments?post=32"}],"version-history":[{"count":8,"href":"https:\/\/salamezs.lv\/index.php\/wp-json\/wp\/v2\/pages\/32\/revisions"}],"predecessor-version":[{"id":205,"href":"https:\/\/salamezs.lv\/index.php\/wp-json\/wp\/v2\/pages\/32\/revisions\/205"}],"wp:featuredmedia":[{"embeddable":true,"href":"https:\/\/salamezs.lv\/index.php\/wp-json\/wp\/v2\/media\/139"}],"wp:attachment":[{"href":"https:\/\/salamezs.lv\/index.php\/wp-json\/wp\/v2\/media?parent=32"}],"curies":[{"name":"wp","href":"https:\/\/api.w.org\/{rel}","templated":true}]}}