{"id":31,"date":"2022-04-28T11:52:38","date_gmt":"2022-04-28T11:52:38","guid":{"rendered":"http:\/\/salamezs.lv\/?page_id=31"},"modified":"2022-07-08T09:20:13","modified_gmt":"2022-07-08T09:20:13","slug":"about","status":"publish","type":"page","link":"https:\/\/salamezs.lv\/index.php\/about\/","title":{"rendered":"Produkti"},"content":{"rendered":"\n<h2 class=\"wp-block-heading\" id=\"inspiro-is-a-digital-product-agency-that-focuses-on-strategy-and-design\" style=\"font-size:clamp(14px, 0.875rem + ((1vw - 3.2px) * 0.442), 19px);font-style:normal;font-weight:100\"><em>Pilnv\u0113rt\u012bga un efekt\u012bva resursu izmanto\u0161ana. Pilns ra\u017eo\u0161anas cikls &#8211; no apa\u013ckoka l\u012bdz gatav\u0101s produkcijas ra\u017eo\u0161anai un iepako\u0161anai<\/em><\/h2>\n\n\n\n<div class=\"wp-block-columns alignwide is-layout-flex wp-container-core-columns-is-layout-28f84493 wp-block-columns-is-layout-flex\">\n<div class=\"wp-block-column is-layout-flow wp-block-column-is-layout-flow\">\n<figure class=\"wp-block-image size-large is-style-default\"><img loading=\"lazy\" decoding=\"async\" width=\"1024\" height=\"768\" src=\"https:\/\/salamezs.lv\/wp-content\/uploads\/2022\/06\/8BC4D670-0384-4C1E-8A64-2EED31D037ED-1024x768.jpeg\" alt=\"\" class=\"wp-image-130\" srcset=\"https:\/\/salamezs.lv\/wp-content\/uploads\/2022\/06\/8BC4D670-0384-4C1E-8A64-2EED31D037ED-1024x768.jpeg 1024w, https:\/\/salamezs.lv\/wp-content\/uploads\/2022\/06\/8BC4D670-0384-4C1E-8A64-2EED31D037ED-300x225.jpeg 300w, https:\/\/salamezs.lv\/wp-content\/uploads\/2022\/06\/8BC4D670-0384-4C1E-8A64-2EED31D037ED-768x576.jpeg 768w, https:\/\/salamezs.lv\/wp-content\/uploads\/2022\/06\/8BC4D670-0384-4C1E-8A64-2EED31D037ED-1536x1152.jpeg 1536w, https:\/\/salamezs.lv\/wp-content\/uploads\/2022\/06\/8BC4D670-0384-4C1E-8A64-2EED31D037ED-2048x1536.jpeg 2048w, https:\/\/salamezs.lv\/wp-content\/uploads\/2022\/06\/8BC4D670-0384-4C1E-8A64-2EED31D037ED-2000x1500.jpeg 2000w\" sizes=\"auto, (max-width: 1024px) 100vw, 1024px\" \/><\/figure>\n\n\n\n<p class=\"has-text-align-left has-black-color has-text-color has-medium-font-size\">L\u0101vas d\u0113\u013ci saun\u0101m<\/p>\n\n\n\n<p class=\"has-text-align-left has-black-color has-text-color\"><em>Apses un melnalk\u0161\u0146a l\u0101vas d\u0113\u013ci saun\u0101m<\/em>       <\/p>\n\n\n\n<p class=\"has-text-align-left has-black-color has-text-color\"><strong>Izm\u0113ri (mm):<\/strong>                                                     28&#215;65\/68, 28 x 90, 28 x 120, 28 x 140      <\/p>\n\n\n\n<p class=\"has-text-align-left has-black-color has-text-color\">                                                                                                                                                      <strong>Garums (mm): <\/strong>                                            1800 &#8211; 3000<\/p>\n\n\n\n<p class=\"has-text-align-left has-black-color has-text-color\"> <em>Ir pieejami \u012bsie garumi<\/em><\/p>\n<\/div>\n\n\n\n<div class=\"wp-block-column is-layout-flow wp-block-column-is-layout-flow\">\n<figure class=\"wp-block-image size-large is-style-default\"><img loading=\"lazy\" decoding=\"async\" width=\"1024\" height=\"768\" src=\"https:\/\/salamezs.lv\/wp-content\/uploads\/2022\/06\/A4A15DCA-37BA-4531-BB72-9138F6A39763-1024x768.jpeg\" alt=\"\" class=\"wp-image-132\" srcset=\"https:\/\/salamezs.lv\/wp-content\/uploads\/2022\/06\/A4A15DCA-37BA-4531-BB72-9138F6A39763-1024x768.jpeg 1024w, https:\/\/salamezs.lv\/wp-content\/uploads\/2022\/06\/A4A15DCA-37BA-4531-BB72-9138F6A39763-300x225.jpeg 300w, https:\/\/salamezs.lv\/wp-content\/uploads\/2022\/06\/A4A15DCA-37BA-4531-BB72-9138F6A39763-768x576.jpeg 768w, https:\/\/salamezs.lv\/wp-content\/uploads\/2022\/06\/A4A15DCA-37BA-4531-BB72-9138F6A39763-1536x1152.jpeg 1536w, https:\/\/salamezs.lv\/wp-content\/uploads\/2022\/06\/A4A15DCA-37BA-4531-BB72-9138F6A39763-2048x1536.jpeg 2048w, https:\/\/salamezs.lv\/wp-content\/uploads\/2022\/06\/A4A15DCA-37BA-4531-BB72-9138F6A39763-2000x1500.jpeg 2000w\" sizes=\"auto, (max-width: 1024px) 100vw, 1024px\" \/><\/figure>\n\n\n\n<p class=\"has-text-align-left has-black-color has-text-color has-medium-font-size\">Saunas apdares d\u0113\u013ci<\/p>\n\n\n\n<p class=\"has-text-align-left has-black-color has-text-color\"><em>Apses un melnalk\u0161\u0146a saunu sienas apdares d\u0113\u013ci<\/em><\/p>\n\n\n\n<p class=\"has-text-align-left has-black-color has-text-color\"><strong>STP \/ STS   <\/strong>  <\/p>\n\n\n\n<p class=\"has-text-align-left has-black-color has-text-color\"><strong>Izm\u0113ri (mm):<\/strong>                                            15 x 70, 15 x 90, 15 x 120, 15 x 140<\/p>\n\n\n\n<p class=\"has-text-align-left has-black-color has-text-color\">                                                       <strong>Garums (mm): <\/strong>                                         1800 &#8211; 3000    <\/p>\n\n\n\n<p class=\"has-text-align-left has-black-color has-text-color\"><em>Ir pieejami \u012bsie garumi<\/em><\/p>\n<\/div>\n\n\n\n<div class=\"wp-block-column is-layout-flow wp-block-column-is-layout-flow\">\n<figure class=\"wp-block-image size-large is-style-default\"><img loading=\"lazy\" decoding=\"async\" width=\"1024\" height=\"768\" src=\"https:\/\/salamezs.lv\/wp-content\/uploads\/2022\/06\/0FCE60E9-975F-4F4F-B90C-364EB63EE898-1024x768.jpeg\" alt=\"\" class=\"wp-image-134\" srcset=\"https:\/\/salamezs.lv\/wp-content\/uploads\/2022\/06\/0FCE60E9-975F-4F4F-B90C-364EB63EE898-1024x768.jpeg 1024w, https:\/\/salamezs.lv\/wp-content\/uploads\/2022\/06\/0FCE60E9-975F-4F4F-B90C-364EB63EE898-300x225.jpeg 300w, https:\/\/salamezs.lv\/wp-content\/uploads\/2022\/06\/0FCE60E9-975F-4F4F-B90C-364EB63EE898-768x576.jpeg 768w, https:\/\/salamezs.lv\/wp-content\/uploads\/2022\/06\/0FCE60E9-975F-4F4F-B90C-364EB63EE898-1536x1152.jpeg 1536w, https:\/\/salamezs.lv\/wp-content\/uploads\/2022\/06\/0FCE60E9-975F-4F4F-B90C-364EB63EE898-2048x1536.jpeg 2048w, https:\/\/salamezs.lv\/wp-content\/uploads\/2022\/06\/0FCE60E9-975F-4F4F-B90C-364EB63EE898-2000x1500.jpeg 2000w\" sizes=\"auto, (max-width: 1024px) 100vw, 1024px\" \/><\/figure>\n\n\n\n<p class=\"has-text-align-left has-black-color has-text-color has-medium-font-size\">Kokskaidu briketes<\/p>\n\n\n\n<p class=\"has-text-align-left has-black-color has-text-color\"><em>Videi draudz\u012bgs, efekt\u012bvs un augstv\u0113rt\u012bgs kurin\u0101mais materi\u0101ls <\/em><\/p>\n\n\n\n<p class=\"has-text-align-left has-black-color has-text-color\">Briketes ir izgatavotas no lapu koka &#8211; apses un melnalk\u0161\u0146a kokskaid\u0101m.  Nodro\u0161ina ilg\u0101ku deg\u0161anas laiku un liel\u0101ku siltuma atdevi.<\/p>\n<\/div>\n<\/div>\n\n\n\n<div class=\"wp-block-columns is-layout-flex wp-container-core-columns-is-layout-28f84493 wp-block-columns-is-layout-flex\">\n<div class=\"wp-block-column is-layout-flow wp-block-column-is-layout-flow\">\n<figure class=\"wp-block-image size-large is-resized\"><img loading=\"lazy\" decoding=\"async\" src=\"https:\/\/salamezs.lv\/wp-content\/uploads\/2022\/07\/EF64680C-5E58-4062-9C6A-965DFCD8F925-2-768x1024.jpeg\" alt=\"\" class=\"wp-image-172\" width=\"208\" height=\"277\" srcset=\"https:\/\/salamezs.lv\/wp-content\/uploads\/2022\/07\/EF64680C-5E58-4062-9C6A-965DFCD8F925-2-768x1024.jpeg 768w, https:\/\/salamezs.lv\/wp-content\/uploads\/2022\/07\/EF64680C-5E58-4062-9C6A-965DFCD8F925-2-225x300.jpeg 225w, https:\/\/salamezs.lv\/wp-content\/uploads\/2022\/07\/EF64680C-5E58-4062-9C6A-965DFCD8F925-2-1152x1536.jpeg 1152w, https:\/\/salamezs.lv\/wp-content\/uploads\/2022\/07\/EF64680C-5E58-4062-9C6A-965DFCD8F925-2-1536x2048.jpeg 1536w, https:\/\/salamezs.lv\/wp-content\/uploads\/2022\/07\/EF64680C-5E58-4062-9C6A-965DFCD8F925-2-2000x2667.jpeg 2000w, https:\/\/salamezs.lv\/wp-content\/uploads\/2022\/07\/EF64680C-5E58-4062-9C6A-965DFCD8F925-2-scaled.jpeg 1920w\" sizes=\"auto, (max-width: 208px) 100vw, 208px\" \/><\/figure>\n\n\n\n<p class=\"has-text-align-left has-black-color has-text-color has-medium-font-size\">Taras materi\u0101li<\/p>\n\n\n\n<p class=\"has-black-color has-text-color\"><em>Apses un<\/em> <em>melnalk\u0161\u0146a taras materi\u0101ls pale\u0161u<\/em> <em>izgatavo\u0161anai <\/em><\/p>\n\n\n\n<p class=\"has-black-color has-text-color\"><strong>Standarta izm\u0113ri:<\/strong> <\/p>\n\n\n\n<p class=\"has-black-color has-text-color\">Biezums: 16 &#8211; 35 mm <\/p>\n\n\n\n<p class=\"has-black-color has-text-color\">Platums: 75 &#8211; 133 mm   <\/p>\n\n\n\n<p class=\"has-black-color has-text-color\">Garums: 800 &#8211; 3000 mm    <\/p>\n\n\n\n<p class=\"has-black-color has-text-color\"><em>Ir pieejami nestandarta garumi<\/em><\/p>\n<\/div>\n\n\n\n<div class=\"wp-block-column is-layout-flow wp-block-column-is-layout-flow\">\n<figure class=\"wp-block-image size-large is-resized\"><img loading=\"lazy\" decoding=\"async\" src=\"https:\/\/salamezs.lv\/wp-content\/uploads\/2022\/07\/20220705_151417-3-768x1024.jpg\" alt=\"\" class=\"wp-image-173\" width=\"209\" height=\"278\" srcset=\"https:\/\/salamezs.lv\/wp-content\/uploads\/2022\/07\/20220705_151417-3-768x1024.jpg 768w, https:\/\/salamezs.lv\/wp-content\/uploads\/2022\/07\/20220705_151417-3-225x300.jpg 225w, https:\/\/salamezs.lv\/wp-content\/uploads\/2022\/07\/20220705_151417-3-1152x1536.jpg 1152w, https:\/\/salamezs.lv\/wp-content\/uploads\/2022\/07\/20220705_151417-3-1536x2048.jpg 1536w, https:\/\/salamezs.lv\/wp-content\/uploads\/2022\/07\/20220705_151417-3-2000x2667.jpg 2000w, https:\/\/salamezs.lv\/wp-content\/uploads\/2022\/07\/20220705_151417-3-scaled.jpg 1920w\" sizes=\"auto, (max-width: 209px) 100vw, 209px\" \/><\/figure>\n\n\n\n<p class=\"has-black-color has-text-color has-medium-font-size\">\u0160\u0137elda<\/p>\n\n\n\n<p class=\"has-black-color has-text-color\"><em>Kurin\u0101mais materi\u0101ls<\/em><\/p>\n<\/div>\n<\/div>\n\n\n\n<p><\/p>\n","protected":false},"excerpt":{"rendered":"<p>Pilnv\u0113rt\u012bga un efekt\u012bva resursu izmanto\u0161ana. Pilns ra\u017eo\u0161anas cikls &#8211; no apa\u013ckoka l\u012bdz gatav\u0101s produkcijas ra\u017eo\u0161anai un iepako\u0161anai L\u0101vas d\u0113\u013ci saun\u0101m Apses un melnalk\u0161\u0146a l\u0101vas d\u0113\u013ci saun\u0101m Izm\u0113ri (mm): 28&#215;65\/68, 28 x 90, 28 x 120, 28 x 140 Garums (mm): 1800 &#8211; 3000 Ir pieejami \u012bsie garumi Saunas apdares d\u0113\u013ci Apses un melnalk\u0161\u0146a saunu sienas &hellip; <\/p>\n<p class=\"link-more\"><a href=\"https:\/\/salamezs.lv\/index.php\/about\/\" class=\"more-link\">Read more<span class=\"screen-reader-text\"> &#8220;Produkti&#8221;<\/span><\/a><\/p>\n","protected":false},"author":1,"featured_media":146,"parent":0,"menu_order":0,"comment_status":"closed","ping_status":"closed","template":"","meta":{"footnotes":""},"class_list":["post-31","page","type-page","status-publish","has-post-thumbnail","hentry"],"featured_media_urls":{"thumbnail":["https:\/\/salamezs.lv\/wp-content\/uploads\/2022\/06\/IMG_20211129_153120-1-150x150.jpg",150,150,true],"medium":["https:\/\/salamezs.lv\/wp-content\/uploads\/2022\/06\/IMG_20211129_153120-1-300x225.jpg",300,225,true],"medium_large":["https:\/\/salamezs.lv\/wp-content\/uploads\/2022\/06\/IMG_20211129_153120-1-768x576.jpg",768,576,true],"large":["https:\/\/salamezs.lv\/wp-content\/uploads\/2022\/06\/IMG_20211129_153120-1-1024x768.jpg",950,713,true],"1536x1536":["https:\/\/salamezs.lv\/wp-content\/uploads\/2022\/06\/IMG_20211129_153120-1-1536x1152.jpg",1536,1152,true],"2048x2048":["https:\/\/salamezs.lv\/wp-content\/uploads\/2022\/06\/IMG_20211129_153120-1-2048x1536.jpg",2048,1536,true],"inspiro-featured-image":["https:\/\/salamezs.lv\/wp-content\/uploads\/2022\/06\/IMG_20211129_153120-1-2000x1500.jpg",2000,1500,true],"inspiro-loop":["https:\/\/salamezs.lv\/wp-content\/uploads\/2022\/06\/IMG_20211129_153120-1-950x320.jpg",950,320,true],"inspiro-loop@2x":["https:\/\/salamezs.lv\/wp-content\/uploads\/2022\/06\/IMG_20211129_153120-1-1900x640.jpg",1900,640,true],"portfolio_item-thumbnail":["https:\/\/salamezs.lv\/wp-content\/uploads\/2022\/06\/IMG_20211129_153120-1-scaled-600x400.jpg",600,400,true],"portfolio_item-thumbnail@2x":["https:\/\/salamezs.lv\/wp-content\/uploads\/2022\/06\/IMG_20211129_153120-1-scaled-1200x800.jpg",1200,800,true],"portfolio_item-masonry":["https:\/\/salamezs.lv\/wp-content\/uploads\/2022\/06\/IMG_20211129_153120-1-scaled-600x450.jpg",600,450,true],"portfolio_item-masonry@2x":["https:\/\/salamezs.lv\/wp-content\/uploads\/2022\/06\/IMG_20211129_153120-1-scaled-1200x900.jpg",1200,900,true],"portfolio_item-thumbnail_cinema":["https:\/\/salamezs.lv\/wp-content\/uploads\/2022\/06\/IMG_20211129_153120-1-scaled-800x335.jpg",800,335,true],"portfolio_item-thumbnail_portrait":["https:\/\/salamezs.lv\/wp-content\/uploads\/2022\/06\/IMG_20211129_153120-1-scaled-600x900.jpg",600,900,true],"portfolio_item-thumbnail_portrait@2x":["https:\/\/salamezs.lv\/wp-content\/uploads\/2022\/06\/IMG_20211129_153120-1-scaled-1200x1800.jpg",1200,1800,true],"portfolio_item-thumbnail_square":["https:\/\/salamezs.lv\/wp-content\/uploads\/2022\/06\/IMG_20211129_153120-1-scaled-800x800.jpg",800,800,true]},"_links":{"self":[{"href":"https:\/\/salamezs.lv\/index.php\/wp-json\/wp\/v2\/pages\/31","targetHints":{"allow":["GET"]}}],"collection":[{"href":"https:\/\/salamezs.lv\/index.php\/wp-json\/wp\/v2\/pages"}],"about":[{"href":"https:\/\/salamezs.lv\/index.php\/wp-json\/wp\/v2\/types\/page"}],"author":[{"embeddable":true,"href":"https:\/\/salamezs.lv\/index.php\/wp-json\/wp\/v2\/users\/1"}],"replies":[{"embeddable":true,"href":"https:\/\/salamezs.lv\/index.php\/wp-json\/wp\/v2\/comments?post=31"}],"version-history":[{"count":10,"href":"https:\/\/salamezs.lv\/index.php\/wp-json\/wp\/v2\/pages\/31\/revisions"}],"predecessor-version":[{"id":181,"href":"https:\/\/salamezs.lv\/index.php\/wp-json\/wp\/v2\/pages\/31\/revisions\/181"}],"wp:featuredmedia":[{"embeddable":true,"href":"https:\/\/salamezs.lv\/index.php\/wp-json\/wp\/v2\/media\/146"}],"wp:attachment":[{"href":"https:\/\/salamezs.lv\/index.php\/wp-json\/wp\/v2\/media?parent=31"}],"curies":[{"name":"wp","href":"https:\/\/api.w.org\/{rel}","templated":true}]}}