{"id":30,"date":"2022-04-28T11:52:38","date_gmt":"2022-04-28T11:52:38","guid":{"rendered":"http:\/\/salamezs.lv\/?page_id=30"},"modified":"2024-11-22T13:40:23","modified_gmt":"2024-11-22T13:40:23","slug":"beautiful-portfolios-for-exceptional-creatives","status":"publish","type":"page","link":"https:\/\/salamezs.lv\/","title":{"rendered":""},"content":{"rendered":"\n<div class=\"wp-block-group alignfull has-white-background-color has-background is-layout-flow wp-block-group-is-layout-flow\">\n<div class=\"wp-block-columns is-layout-flex wp-container-core-columns-is-layout-28f84493 wp-block-columns-is-layout-flex\">\n<div class=\"wp-block-column is-vertically-aligned-center is-layout-flow wp-block-column-is-layout-flow\">\n<h2 class=\"wp-block-heading has-text-align-left\">Par mums<\/h2>\n\n\n\n<p>SIA &#8220;Sala Me\u017es&#8221; ir 1999.gad\u0101 dibin\u0101ts uz\u0146\u0113mums, kas nodarbojas ar kokapstr\u0101di un me\u017eizstr\u0101di, iep\u0113rkot me\u017ea \u012bpa\u0161umus un cirsmas izstr\u0101dei. Laika gait\u0101 uzkr\u0101t\u0101 pieredze, veiksm\u012bga ES strukt\u016brfondu realiz\u0101cija un invest\u012bcijas jaunu un modernu iek\u0101rtu ieg\u0101d\u0113, ir nodro\u0161in\u0101ju\u0161as nep\u0101rtrauktu izaugsmi un att\u012bst\u012bbu uz\u0146\u0113mum\u0101. <\/p>\n\n\n\n<p>\u0160obr\u012bd uz\u0146\u0113mumam ir divas ra\u017eotnes, vien\u0101 no t\u0101m tiek veikta koksnes pirmapstr\u0101de, sagatavojot sagataves pale\u0161u un saunas apdares materi\u0101lu ra\u017eo\u0161anai. Savuk\u0101rt, otr\u0101 ra\u017eotn\u0113 tiek ra\u017eoti saunas apdares un l\u0101vas d\u0113\u013ci. K\u0101 blakus produkts tiek ra\u017eotas kokskaidu briketes.<\/p>\n\n\n\n<p>Uz\u0146\u0113muma past\u0101v\u0113\u0161anas laik\u0101, esam izveidoju\u0161i sp\u0113c\u012bgu komandu ar zino\u0161iem un pieredz\u0113ju\u0161iem speci\u0101listiem, kas \u013cauj klientiem nodro\u0161in\u0101t augst\u0101ko kvalit\u0101ti, efekt\u012bvu resursu izmanto\u0161anu un savlaic\u012bgu materi\u0101la pieg\u0101di.<\/p>\n\n\n\n<p>SIA &#8220;Sala Me\u017es&#8221; dibin\u0101t\u0101ji un vien\u012bgie \u012bpa\u0161nieki visu uz\u0146\u0113muma past\u0101v\u0113\u0161anas laiku ir Aivis Zarenko un Igors Ka\u010danovs.<\/p>\n<\/div>\n\n\n\n<div class=\"wp-block-column is-layout-flow wp-block-column-is-layout-flow\">\n<div style=\"height:48px\" aria-hidden=\"true\" class=\"wp-block-spacer\"><\/div>\n\n\n\n<figure class=\"wp-block-image size-large is-style-default\"><img loading=\"lazy\" decoding=\"async\" width=\"1024\" height=\"768\" src=\"https:\/\/salamezs.lv\/wp-content\/uploads\/2022\/06\/DJI_0519-1024x768.jpg\" alt=\"\" class=\"wp-image-90\" srcset=\"https:\/\/salamezs.lv\/wp-content\/uploads\/2022\/06\/DJI_0519-1024x768.jpg 1024w, https:\/\/salamezs.lv\/wp-content\/uploads\/2022\/06\/DJI_0519-300x225.jpg 300w, https:\/\/salamezs.lv\/wp-content\/uploads\/2022\/06\/DJI_0519-768x576.jpg 768w, https:\/\/salamezs.lv\/wp-content\/uploads\/2022\/06\/DJI_0519-1536x1152.jpg 1536w, https:\/\/salamezs.lv\/wp-content\/uploads\/2022\/06\/DJI_0519-2048x1536.jpg 2048w, https:\/\/salamezs.lv\/wp-content\/uploads\/2022\/06\/DJI_0519-2000x1500.jpg 2000w\" sizes=\"auto, (max-width: 1024px) 100vw, 1024px\" \/><\/figure>\n<\/div>\n<\/div>\n<\/div>\n\n\n\n<div class=\"wp-block-group alignfull has-black-color has-white-background-color has-text-color has-background is-layout-flow wp-block-group-is-layout-flow\">\n<div class=\"wp-block-columns are-vertically-aligned-center is-layout-flex wp-container-core-columns-is-layout-28f84493 wp-block-columns-is-layout-flex\">\n<div class=\"wp-block-column is-vertically-aligned-center is-layout-flow wp-block-column-is-layout-flow\">\n<div style=\"height:48px\" aria-hidden=\"true\" class=\"wp-block-spacer\"><\/div>\n\n\n\n<figure class=\"wp-block-gallery has-nested-images columns-default is-cropped wp-block-gallery-1 is-layout-flex wp-block-gallery-is-layout-flex\">\n<figure class=\"wp-block-image size-large is-style-default\"><img loading=\"lazy\" decoding=\"async\" width=\"1024\" height=\"768\" data-id=\"128\" src=\"https:\/\/salamezs.lv\/wp-content\/uploads\/2022\/06\/IMG_20211129_153120-1024x768.jpg\" alt=\"\" class=\"wp-image-128\" srcset=\"https:\/\/salamezs.lv\/wp-content\/uploads\/2022\/06\/IMG_20211129_153120-1024x768.jpg 1024w, https:\/\/salamezs.lv\/wp-content\/uploads\/2022\/06\/IMG_20211129_153120-300x225.jpg 300w, https:\/\/salamezs.lv\/wp-content\/uploads\/2022\/06\/IMG_20211129_153120-768x576.jpg 768w, https:\/\/salamezs.lv\/wp-content\/uploads\/2022\/06\/IMG_20211129_153120-1536x1152.jpg 1536w, https:\/\/salamezs.lv\/wp-content\/uploads\/2022\/06\/IMG_20211129_153120-2048x1536.jpg 2048w, https:\/\/salamezs.lv\/wp-content\/uploads\/2022\/06\/IMG_20211129_153120-2000x1500.jpg 2000w\" sizes=\"auto, (max-width: 1024px) 100vw, 1024px\" \/><\/figure>\n<\/figure>\n<\/div>\n\n\n\n<div class=\"wp-block-column is-vertically-aligned-center is-layout-flow wp-block-column-is-layout-flow\">\n<h2 class=\"wp-block-heading\">M\u016bsu produkti<\/h2>\n\n\n\n<p>Uz\u0146\u0113muma pamatprodukts ir profil\u0113ts apses un melnalk\u0161\u0146a saunas materi\u0101ls &#8211; sienas apdares un l\u0101vas d\u0113\u013ci. <\/p>\n\n\n\n<p>No mazv\u0113rt\u012bg\u0101k\u0101s koksnes, atgriezumiem un kokskaid\u0101m, tiek ra\u017eotas sagataves pale\u0161u ra\u017eo\u0161anai, kokskaidu briketes, \u0161\u0137elda k\u0101 kurin\u0101mais materi\u0101ls, svaigi z\u0101\u0123\u0113tas kokskaidas k\u0101 izejmateri\u0101ls granulu ra\u017eo\u0161anai, t\u0101d\u0113j\u0101di nodro\u0161inot pilnv\u0113rt\u012bgu un efekt\u012bvu resursu izmanto\u0161anu.<\/p>\n<\/div>\n<\/div>\n<\/div>\n\n\n\n<div class=\"wp-block-media-text alignwide has-media-on-the-right is-stacked-on-mobile is-vertically-aligned-center\" style=\"grid-template-columns:auto 39%\"><div class=\"wp-block-media-text__content\">\n<p style=\"font-size:clamp(16.293px, 1.018rem + ((1vw - 3.2px) * 0.771), 25px);\"><strong>Apa\u013ckoka iepirk\u0161ana<\/strong><\/p>\n\n\n\n<p class=\"has-black-color has-text-color\" style=\"font-size:clamp(14px, 0.875rem + ((1vw - 3.2px) * 0.177), 16px);\">Iep\u0113rkam<em> sertific\u0113tu koksni<\/em> &#8211; apse un melnalksnis.<\/p>\n\n\n\n<p><\/p>\n\n\n\n<p><strong>Igors Ka\u010danovs<\/strong> +371 29275377, salamezs@inbox.lv<\/p>\n\n\n\n<p><\/p>\n\n\n\n<p><\/p>\n\n\n\n<p><\/p>\n<\/div><figure class=\"wp-block-media-text__media\"><img loading=\"lazy\" decoding=\"async\" width=\"1024\" height=\"768\" src=\"https:\/\/salamezs.lv\/wp-content\/uploads\/2022\/06\/351B2F14-2D92-4B6A-854A-37D3A6BBE7B9-1024x768.jpeg\" alt=\"\" class=\"wp-image-88 size-full\" srcset=\"https:\/\/salamezs.lv\/wp-content\/uploads\/2022\/06\/351B2F14-2D92-4B6A-854A-37D3A6BBE7B9-1024x768.jpeg 1024w, https:\/\/salamezs.lv\/wp-content\/uploads\/2022\/06\/351B2F14-2D92-4B6A-854A-37D3A6BBE7B9-300x225.jpeg 300w, https:\/\/salamezs.lv\/wp-content\/uploads\/2022\/06\/351B2F14-2D92-4B6A-854A-37D3A6BBE7B9-768x576.jpeg 768w, https:\/\/salamezs.lv\/wp-content\/uploads\/2022\/06\/351B2F14-2D92-4B6A-854A-37D3A6BBE7B9-1536x1152.jpeg 1536w, https:\/\/salamezs.lv\/wp-content\/uploads\/2022\/06\/351B2F14-2D92-4B6A-854A-37D3A6BBE7B9-2048x1536.jpeg 2048w, https:\/\/salamezs.lv\/wp-content\/uploads\/2022\/06\/351B2F14-2D92-4B6A-854A-37D3A6BBE7B9-2000x1500.jpeg 2000w\" sizes=\"auto, (max-width: 1024px) 100vw, 1024px\" \/><\/figure><\/div>\n\n\n\n<p><\/p>\n","protected":false},"excerpt":{"rendered":"<p>Par mums SIA &#8220;Sala Me\u017es&#8221; ir 1999.gad\u0101 dibin\u0101ts uz\u0146\u0113mums, kas nodarbojas ar kokapstr\u0101di un me\u017eizstr\u0101di, iep\u0113rkot me\u017ea \u012bpa\u0161umus un cirsmas izstr\u0101dei. Laika gait\u0101 uzkr\u0101t\u0101 pieredze, veiksm\u012bga ES strukt\u016brfondu realiz\u0101cija un invest\u012bcijas jaunu un modernu iek\u0101rtu ieg\u0101d\u0113, ir nodro\u0161in\u0101ju\u0161as nep\u0101rtrauktu izaugsmi un att\u012bst\u012bbu uz\u0146\u0113mum\u0101. \u0160obr\u012bd uz\u0146\u0113mumam ir divas ra\u017eotnes, vien\u0101 no t\u0101m tiek veikta koksnes pirmapstr\u0101de, &hellip; <\/p>\n<p class=\"link-more\"><a href=\"https:\/\/salamezs.lv\/\" class=\"more-link\">Read more<span class=\"screen-reader-text\"> &#8220;&#8221;<\/span><\/a><\/p>\n","protected":false},"author":1,"featured_media":92,"parent":0,"menu_order":0,"comment_status":"closed","ping_status":"closed","template":"","meta":{"footnotes":""},"class_list":["post-30","page","type-page","status-publish","has-post-thumbnail","hentry"],"featured_media_urls":{"thumbnail":["https:\/\/salamezs.lv\/wp-content\/uploads\/2022\/06\/DJI_0579-1-150x150.jpg",150,150,true],"medium":["https:\/\/salamezs.lv\/wp-content\/uploads\/2022\/06\/DJI_0579-1-300x200.jpg",300,200,true],"medium_large":["https:\/\/salamezs.lv\/wp-content\/uploads\/2022\/06\/DJI_0579-1-768x512.jpg",768,512,true],"large":["https:\/\/salamezs.lv\/wp-content\/uploads\/2022\/06\/DJI_0579-1-1024x682.jpg",950,633,true],"1536x1536":["https:\/\/salamezs.lv\/wp-content\/uploads\/2022\/06\/DJI_0579-1-1536x1023.jpg",1536,1023,true],"2048x2048":["https:\/\/salamezs.lv\/wp-content\/uploads\/2022\/06\/DJI_0579-1-2048x1364.jpg",2048,1364,true],"inspiro-featured-image":["https:\/\/salamezs.lv\/wp-content\/uploads\/2022\/06\/DJI_0579-1-2000x1332.jpg",2000,1332,true],"inspiro-loop":["https:\/\/salamezs.lv\/wp-content\/uploads\/2022\/06\/DJI_0579-1-950x320.jpg",950,320,true],"inspiro-loop@2x":["https:\/\/salamezs.lv\/wp-content\/uploads\/2022\/06\/DJI_0579-1-1900x640.jpg",1900,640,true],"portfolio_item-thumbnail":["https:\/\/salamezs.lv\/wp-content\/uploads\/2022\/06\/DJI_0579-1-scaled-600x400.jpg",600,400,true],"portfolio_item-thumbnail@2x":["https:\/\/salamezs.lv\/wp-content\/uploads\/2022\/06\/DJI_0579-1-scaled-1200x800.jpg",1200,800,true],"portfolio_item-masonry":["https:\/\/salamezs.lv\/wp-content\/uploads\/2022\/06\/DJI_0579-1-scaled-600x400.jpg",600,400,true],"portfolio_item-masonry@2x":["https:\/\/salamezs.lv\/wp-content\/uploads\/2022\/06\/DJI_0579-1-scaled-1200x799.jpg",1200,799,true],"portfolio_item-thumbnail_cinema":["https:\/\/salamezs.lv\/wp-content\/uploads\/2022\/06\/DJI_0579-1-scaled-800x335.jpg",800,335,true],"portfolio_item-thumbnail_portrait":["https:\/\/salamezs.lv\/wp-content\/uploads\/2022\/06\/DJI_0579-1-scaled-600x900.jpg",600,900,true],"portfolio_item-thumbnail_portrait@2x":["https:\/\/salamezs.lv\/wp-content\/uploads\/2022\/06\/DJI_0579-1-scaled-1200x1705.jpg",1200,1705,true],"portfolio_item-thumbnail_square":["https:\/\/salamezs.lv\/wp-content\/uploads\/2022\/06\/DJI_0579-1-scaled-800x800.jpg",800,800,true]},"_links":{"self":[{"href":"https:\/\/salamezs.lv\/index.php\/wp-json\/wp\/v2\/pages\/30","targetHints":{"allow":["GET"]}}],"collection":[{"href":"https:\/\/salamezs.lv\/index.php\/wp-json\/wp\/v2\/pages"}],"about":[{"href":"https:\/\/salamezs.lv\/index.php\/wp-json\/wp\/v2\/types\/page"}],"author":[{"embeddable":true,"href":"https:\/\/salamezs.lv\/index.php\/wp-json\/wp\/v2\/users\/1"}],"replies":[{"embeddable":true,"href":"https:\/\/salamezs.lv\/index.php\/wp-json\/wp\/v2\/comments?post=30"}],"version-history":[{"count":34,"href":"https:\/\/salamezs.lv\/index.php\/wp-json\/wp\/v2\/pages\/30\/revisions"}],"predecessor-version":[{"id":203,"href":"https:\/\/salamezs.lv\/index.php\/wp-json\/wp\/v2\/pages\/30\/revisions\/203"}],"wp:featuredmedia":[{"embeddable":true,"href":"https:\/\/salamezs.lv\/index.php\/wp-json\/wp\/v2\/media\/92"}],"wp:attachment":[{"href":"https:\/\/salamezs.lv\/index.php\/wp-json\/wp\/v2\/media?parent=30"}],"curies":[{"name":"wp","href":"https:\/\/api.w.org\/{rel}","templated":true}]}}