{"id":153,"date":"2022-06-10T12:01:07","date_gmt":"2022-06-10T12:01:07","guid":{"rendered":"http:\/\/salamezs.lv\/?page_id=153"},"modified":"2023-02-01T14:30:18","modified_gmt":"2023-02-01T14:30:18","slug":"kontakti","status":"publish","type":"page","link":"https:\/\/salamezs.lv\/index.php\/kontakti\/","title":{"rendered":"Kontakti"},"content":{"rendered":"\n<div class=\"wp-block-columns is-layout-flex wp-container-core-columns-is-layout-28f84493 wp-block-columns-is-layout-flex\">\n<div class=\"wp-block-column is-layout-flow wp-block-column-is-layout-flow\">\n<p class=\"has-text-align-left has-medium-font-size\"><strong>Uz\u0146\u0113muma vad\u012bt\u0101js<\/strong><\/p>\n\n\n\n<p class=\"has-text-align-left\">Aivis Zarenko                                                        T\u0101lr.nr. :+371 29482191                      salamezs@inbox.lv<\/p>\n<\/div>\n\n\n\n<div class=\"wp-block-column is-layout-flow wp-block-column-is-layout-flow\">\n<p class=\"has-medium-font-size\"><strong>Uz\u0146\u0113muma vad\u012bt\u0101js<\/strong><\/p>\n\n\n\n<p>Igors Ka\u010danovs                                                  T\u0101lr.nr.+371 29275377                       salamezs@inbox.lv<\/p>\n<\/div>\n<\/div>\n\n\n\n<p><\/p>\n\n\n\n<div class=\"wp-block-columns is-layout-flex wp-container-core-columns-is-layout-28f84493 wp-block-columns-is-layout-flex\">\n<div class=\"wp-block-column is-layout-flow wp-block-column-is-layout-flow\">\n<p class=\"has-medium-font-size\"><strong>Ra\u017eo\u0161ana<\/strong><\/p>\n\n\n\n<p>Raimonds Ozoli\u0146\u0161 raimonds.ozolins@salamezs.lv<\/p>\n<\/div>\n\n\n\n<div class=\"wp-block-column is-layout-flow wp-block-column-is-layout-flow\">\n<p class=\"has-medium-font-size\"><strong>Saunas materi\u0101ls<\/strong><\/p>\n\n\n\n<p>Kintija Zarenko             kintija.zarenko@salamezs.lv<\/p>\n<\/div>\n\n\n\n<div class=\"wp-block-column is-layout-flow wp-block-column-is-layout-flow\">\n<p class=\"has-medium-font-size\"><strong>Gr\u0101matvede<\/strong><\/p>\n\n\n\n<p>Iluta Rence                             salamezs@inbox.lv<\/p>\n<\/div>\n<\/div>\n","protected":false},"excerpt":{"rendered":"<p>Uz\u0146\u0113muma vad\u012bt\u0101js Aivis Zarenko T\u0101lr.nr. :+371 29482191 salamezs@inbox.lv Uz\u0146\u0113muma vad\u012bt\u0101js Igors Ka\u010danovs T\u0101lr.nr.+371 29275377 salamezs@inbox.lv Ra\u017eo\u0161ana Raimonds Ozoli\u0146\u0161 raimonds.ozolins@salamezs.lv Saunas materi\u0101ls Kintija Zarenko kintija.zarenko@salamezs.lv Gr\u0101matvede Iluta Rence salamezs@inbox.lv<\/p>\n","protected":false},"author":1,"featured_media":94,"parent":0,"menu_order":0,"comment_status":"closed","ping_status":"closed","template":"","meta":{"footnotes":""},"class_list":["post-153","page","type-page","status-publish","has-post-thumbnail","hentry"],"featured_media_urls":{"thumbnail":["https:\/\/salamezs.lv\/wp-content\/uploads\/2022\/06\/cropped-DJI_0579-1-1-scaled-1-150x150.jpg",150,150,true],"medium":["https:\/\/salamezs.lv\/wp-content\/uploads\/2022\/06\/cropped-DJI_0579-1-1-scaled-1-300x180.jpg",300,180,true],"medium_large":["https:\/\/salamezs.lv\/wp-content\/uploads\/2022\/06\/cropped-DJI_0579-1-1-scaled-1-768x461.jpg",768,461,true],"large":["https:\/\/salamezs.lv\/wp-content\/uploads\/2022\/06\/cropped-DJI_0579-1-1-scaled-1-1024x614.jpg",950,570,true],"1536x1536":["https:\/\/salamezs.lv\/wp-content\/uploads\/2022\/06\/cropped-DJI_0579-1-1-scaled-1-1536x922.jpg",1536,922,true],"2048x2048":["https:\/\/salamezs.lv\/wp-content\/uploads\/2022\/06\/cropped-DJI_0579-1-1-scaled-1.jpg",2000,1200,false],"inspiro-featured-image":["https:\/\/salamezs.lv\/wp-content\/uploads\/2022\/06\/cropped-DJI_0579-1-1-scaled-1.jpg",2000,1200,false],"inspiro-loop":["https:\/\/salamezs.lv\/wp-content\/uploads\/2022\/06\/cropped-DJI_0579-1-1-scaled-1-950x320.jpg",950,320,true],"inspiro-loop@2x":["https:\/\/salamezs.lv\/wp-content\/uploads\/2022\/06\/cropped-DJI_0579-1-1-scaled-1-1900x640.jpg",1900,640,true],"portfolio_item-thumbnail":["https:\/\/salamezs.lv\/wp-content\/uploads\/2022\/06\/cropped-DJI_0579-1-1-scaled-1-600x400.jpg",600,400,true],"portfolio_item-thumbnail@2x":["https:\/\/salamezs.lv\/wp-content\/uploads\/2022\/06\/cropped-DJI_0579-1-1-scaled-1-1200x800.jpg",1200,800,true],"portfolio_item-masonry":["https:\/\/salamezs.lv\/wp-content\/uploads\/2022\/06\/cropped-DJI_0579-1-1-scaled-1-600x360.jpg",600,360,true],"portfolio_item-masonry@2x":["https:\/\/salamezs.lv\/wp-content\/uploads\/2022\/06\/cropped-DJI_0579-1-1-scaled-1-1200x720.jpg",1200,720,true],"portfolio_item-thumbnail_cinema":["https:\/\/salamezs.lv\/wp-content\/uploads\/2022\/06\/cropped-DJI_0579-1-1-scaled-1-800x335.jpg",800,335,true],"portfolio_item-thumbnail_portrait":["https:\/\/salamezs.lv\/wp-content\/uploads\/2022\/06\/cropped-DJI_0579-1-1-scaled-1-600x900.jpg",600,900,true],"portfolio_item-thumbnail_portrait@2x":["https:\/\/salamezs.lv\/wp-content\/uploads\/2022\/06\/cropped-DJI_0579-1-1-scaled-1-1200x1200.jpg",1200,1200,true],"portfolio_item-thumbnail_square":["https:\/\/salamezs.lv\/wp-content\/uploads\/2022\/06\/cropped-DJI_0579-1-1-scaled-1-800x800.jpg",800,800,true]},"_links":{"self":[{"href":"https:\/\/salamezs.lv\/index.php\/wp-json\/wp\/v2\/pages\/153","targetHints":{"allow":["GET"]}}],"collection":[{"href":"https:\/\/salamezs.lv\/index.php\/wp-json\/wp\/v2\/pages"}],"about":[{"href":"https:\/\/salamezs.lv\/index.php\/wp-json\/wp\/v2\/types\/page"}],"author":[{"embeddable":true,"href":"https:\/\/salamezs.lv\/index.php\/wp-json\/wp\/v2\/users\/1"}],"replies":[{"embeddable":true,"href":"https:\/\/salamezs.lv\/index.php\/wp-json\/wp\/v2\/comments?post=153"}],"version-history":[{"count":5,"href":"https:\/\/salamezs.lv\/index.php\/wp-json\/wp\/v2\/pages\/153\/revisions"}],"predecessor-version":[{"id":198,"href":"https:\/\/salamezs.lv\/index.php\/wp-json\/wp\/v2\/pages\/153\/revisions\/198"}],"wp:featuredmedia":[{"embeddable":true,"href":"https:\/\/salamezs.lv\/index.php\/wp-json\/wp\/v2\/media\/94"}],"wp:attachment":[{"href":"https:\/\/salamezs.lv\/index.php\/wp-json\/wp\/v2\/media?parent=153"}],"curies":[{"name":"wp","href":"https:\/\/api.w.org\/{rel}","templated":true}]}}